{"id":17,"date":"2022-10-14T18:54:15","date_gmt":"2022-10-14T18:54:15","guid":{"rendered":"https:\/\/harmoniris.fr\/?page_id=17"},"modified":"2026-02-06T08:47:48","modified_gmt":"2026-02-06T08:47:48","slug":"contact","status":"publish","type":"page","link":"https:\/\/harmoniris.fr\/?page_id=17","title":{"rendered":"Contact"},"content":{"rendered":"\t\t<div data-elementor-type=\"wp-page\" data-elementor-id=\"17\" class=\"elementor elementor-17\">\n\t\t\t\t\t\t<section class=\"elementor-section elementor-top-section elementor-element elementor-element-8a4ee57 elementor-section-boxed elementor-section-height-default elementor-section-height-default\" data-id=\"8a4ee57\" data-element_type=\"section\" data-e-type=\"section\">\n\t\t\t\t\t\t<div class=\"elementor-container elementor-column-gap-default\">\n\t\t\t\t\t<div class=\"elementor-column elementor-col-100 elementor-top-column elementor-element elementor-element-688b018\" data-id=\"688b018\" data-element_type=\"column\" data-e-type=\"column\">\n\t\t\t<div class=\"elementor-widget-wrap elementor-element-populated\">\n\t\t\t\t\t\t<div class=\"elementor-element elementor-element-f977787 elementor-widget elementor-widget-heading\" data-id=\"f977787\" data-element_type=\"widget\" data-e-type=\"widget\" data-widget_type=\"heading.default\">\n\t\t\t\t<div class=\"elementor-widget-container\">\n\t\t\t\t\t<h2 class=\"elementor-heading-title elementor-size-default\">Je veux prendre RDV<br>J'ai une question<\/h2>\t\t\t\t<\/div>\n\t\t\t\t<\/div>\n\t\t\t\t<div class=\"elementor-element elementor-element-1deebbb elementor-invisible elementor-widget elementor-widget-heading\" data-id=\"1deebbb\" data-element_type=\"widget\" data-e-type=\"widget\" data-settings=\"{&quot;_animation&quot;:&quot;fadeIn&quot;}\" data-widget_type=\"heading.default\">\n\t\t\t\t<div class=\"elementor-widget-container\">\n\t\t\t\t\t<h2 class=\"elementor-heading-title elementor-size-default\">Contactez moi via le formulaire ci-dessous, je vous r\u00e9pondrai dans les plus brefs d\u00e9lais.<\/h2>\t\t\t\t<\/div>\n\t\t\t\t<\/div>\n\t\t\t\t<div class=\"elementor-element elementor-element-469389a elementor-widget elementor-widget-text-editor\" data-id=\"469389a\" data-element_type=\"widget\" data-e-type=\"widget\" data-widget_type=\"text-editor.default\">\n\t\t\t\t<div class=\"elementor-widget-container\">\n\t\t\t\t\t\t\t\t\t<p style=\"text-align: center;\">\u00ab\u00a0Je choisis de prendre mon bien-\u00eatre en urgence au lieu de prendre mon mal en patience\u00a0\u00bb<\/p>\t\t\t\t\t\t\t\t<\/div>\n\t\t\t\t<\/div>\n\t\t\t\t\t<\/div>\n\t\t<\/div>\n\t\t\t\t\t<\/div>\n\t\t<\/section>\n\t\t\t\t<section class=\"elementor-section elementor-top-section elementor-element elementor-element-595971d elementor-section-boxed elementor-section-height-default elementor-section-height-default\" data-id=\"595971d\" data-element_type=\"section\" data-e-type=\"section\">\n\t\t\t\t\t\t<div class=\"elementor-container elementor-column-gap-default\">\n\t\t\t\t\t<div class=\"elementor-column elementor-col-100 elementor-top-column elementor-element elementor-element-03f284a\" data-id=\"03f284a\" data-element_type=\"column\" data-e-type=\"column\">\n\t\t\t<div class=\"elementor-widget-wrap elementor-element-populated\">\n\t\t\t\t\t\t<div class=\"elementor-element elementor-element-703a732 elementor-widget elementor-widget-text-editor\" data-id=\"703a732\" data-element_type=\"widget\" data-e-type=\"widget\" data-widget_type=\"text-editor.default\">\n\t\t\t\t<div class=\"elementor-widget-container\">\n\t\t\t\t\t\t\t\t\t<p>Suite \u00e0 un probl\u00e8me technique, le formulaire n&rsquo;est actuellement pas disponible.&nbsp;<\/p><p>Merci de m&rsquo;adresser directement un mail \u00e0 marjorie@harmoniris.fr<\/p>\t\t\t\t\t\t\t\t<\/div>\n\t\t\t\t<\/div>\n\t\t\t\t<div class=\"elementor-element elementor-element-d10350e elementor-widget elementor-widget-spacer\" data-id=\"d10350e\" data-element_type=\"widget\" data-e-type=\"widget\" data-widget_type=\"spacer.default\">\n\t\t\t\t<div class=\"elementor-widget-container\">\n\t\t\t\t\t\t\t<div class=\"elementor-spacer\">\n\t\t\t<div class=\"elementor-spacer-inner\"><\/div>\n\t\t<\/div>\n\t\t\t\t\t\t<\/div>\n\t\t\t\t<\/div>\n\t\t\t\t<div class=\"elementor-element elementor-element-87e4a9f elementor-align-center elementor-invisible elementor-widget elementor-widget-button\" data-id=\"87e4a9f\" data-element_type=\"widget\" data-e-type=\"widget\" data-settings=\"{&quot;_animation&quot;:&quot;fadeIn&quot;}\" data-widget_type=\"button.default\">\n\t\t\t\t<div class=\"elementor-widget-container\">\n\t\t\t\t\t\t\t\t\t<div class=\"elementor-button-wrapper\">\n\t\t\t\t\t<a class=\"elementor-button elementor-button-link elementor-size-sm elementor-animation-pulse\" href=\"https:\/\/calendly.com\/marjorie-harmoniris\" target=\"_blank\">\n\t\t\t\t\t\t<span class=\"elementor-button-content-wrapper\">\n\t\t\t\t\t\t\t\t\t<span class=\"elementor-button-text\">Je veux r\u00e9server en ligne<\/span>\n\t\t\t\t\t<\/span>\n\t\t\t\t\t<\/a>\n\t\t\t\t<\/div>\n\t\t\t\t\t\t\t\t<\/div>\n\t\t\t\t<\/div>\n\t\t\t\t\t<\/div>\n\t\t<\/div>\n\t\t\t\t\t<\/div>\n\t\t<\/section>\n\t\t\t\t<\/div>\n\t\t","protected":false},"excerpt":{"rendered":"<p>Je veux prendre RDVJ&rsquo;ai une question Contactez moi via le formulaire ci-dessous, je vous r\u00e9pondrai dans les plus brefs d\u00e9lais. \u00ab\u00a0Je choisis de prendre mon bien-\u00eatre en urgence au lieu de prendre mon mal en patience\u00a0\u00bb Suite \u00e0 un probl\u00e8me technique, le formulaire n&rsquo;est actuellement pas disponible.&nbsp; Merci de m&rsquo;adresser directement un mail \u00e0 marjorie@harmoniris.fr [&hellip;]<\/p>\n","protected":false},"author":1,"featured_media":639,"parent":0,"menu_order":0,"comment_status":"closed","ping_status":"closed","template":"","meta":{"_themeisle_gutenberg_block_has_review":false,"footnotes":""},"class_list":["post-17","page","type-page","status-publish","has-post-thumbnail","hentry","entry","has-media"],"yoast_head":"<!-- This site is optimized with the Yoast SEO plugin v27.5 - https:\/\/yoast.com\/product\/yoast-seo-wordpress\/ -->\n<title>Contact - HARMONIRIS - Marjorie PICAULT - Relaxation - R&eacute;flexologie - Massage<\/title>\n<meta name=\"description\" content=\"Vous \u00eates une femme unique. Je suis praticienne en sophrologie - relaxation et massage au f\u00e9minin. J&#039;accompagne les femmes dans leur chemin de vie et suis sp\u00e9cialis\u00e9e en p\u00e9rinatalit\u00e9.\" \/>\n<meta name=\"robots\" content=\"index, follow, max-snippet:-1, max-image-preview:large, max-video-preview:-1\" \/>\n<link rel=\"canonical\" href=\"https:\/\/harmoniris.fr\/?page_id=17\" \/>\n<meta property=\"og:locale\" content=\"fr_FR\" \/>\n<meta property=\"og:type\" content=\"article\" \/>\n<meta property=\"og:title\" content=\"Contact - HARMONIRIS - Marjorie PICAULT - Relaxation - R&eacute;flexologie - Massage\" \/>\n<meta property=\"og:description\" content=\"Vous \u00eates une femme unique. Je suis praticienne en sophrologie - relaxation et massage au f\u00e9minin. J&#039;accompagne les femmes dans leur chemin de vie et suis sp\u00e9cialis\u00e9e en p\u00e9rinatalit\u00e9.\" \/>\n<meta property=\"og:url\" content=\"https:\/\/harmoniris.fr\/?page_id=17\" \/>\n<meta property=\"og:site_name\" content=\"HARMONIRIS - Marjorie PICAULT - Relaxation - R&eacute;flexologie - Massage\" \/>\n<meta property=\"article:modified_time\" content=\"2026-02-06T08:47:48+00:00\" \/>\n<meta property=\"og:image\" content=\"https:\/\/harmoniris.fr\/wp-content\/uploads\/2022\/10\/cropped-Plume-rose.png\" \/>\n\t<meta property=\"og:image:width\" content=\"512\" \/>\n\t<meta property=\"og:image:height\" content=\"512\" \/>\n\t<meta property=\"og:image:type\" content=\"image\/png\" \/>\n<meta name=\"twitter:card\" content=\"summary_large_image\" \/>\n<meta name=\"twitter:label1\" content=\"Dur\u00e9e de lecture estim\u00e9e\" \/>\n\t<meta name=\"twitter:data1\" content=\"1 minute\" \/>\n<script type=\"application\/ld+json\" class=\"yoast-schema-graph\">{\"@context\":\"https:\\\/\\\/schema.org\",\"@graph\":[{\"@type\":\"WebPage\",\"@id\":\"https:\\\/\\\/harmoniris.fr\\\/?page_id=17\",\"url\":\"https:\\\/\\\/harmoniris.fr\\\/?page_id=17\",\"name\":\"Contact - HARMONIRIS - Marjorie PICAULT - Relaxation - R&eacute;flexologie - Massage\",\"isPartOf\":{\"@id\":\"https:\\\/\\\/harmoniris.fr\\\/#website\"},\"primaryImageOfPage\":{\"@id\":\"https:\\\/\\\/harmoniris.fr\\\/?page_id=17#primaryimage\"},\"image\":{\"@id\":\"https:\\\/\\\/harmoniris.fr\\\/?page_id=17#primaryimage\"},\"thumbnailUrl\":\"https:\\\/\\\/harmoniris.fr\\\/wp-content\\\/uploads\\\/2022\\\/10\\\/cropped-Plume-rose.png\",\"datePublished\":\"2022-10-14T18:54:15+00:00\",\"dateModified\":\"2026-02-06T08:47:48+00:00\",\"description\":\"Vous \u00eates une femme unique. Je suis praticienne en sophrologie - relaxation et massage au f\u00e9minin. J'accompagne les femmes dans leur chemin de vie et suis sp\u00e9cialis\u00e9e en p\u00e9rinatalit\u00e9.\",\"breadcrumb\":{\"@id\":\"https:\\\/\\\/harmoniris.fr\\\/?page_id=17#breadcrumb\"},\"inLanguage\":\"fr-FR\",\"potentialAction\":[{\"@type\":\"ReadAction\",\"target\":[\"https:\\\/\\\/harmoniris.fr\\\/?page_id=17\"]}]},{\"@type\":\"ImageObject\",\"inLanguage\":\"fr-FR\",\"@id\":\"https:\\\/\\\/harmoniris.fr\\\/?page_id=17#primaryimage\",\"url\":\"https:\\\/\\\/harmoniris.fr\\\/wp-content\\\/uploads\\\/2022\\\/10\\\/cropped-Plume-rose.png\",\"contentUrl\":\"https:\\\/\\\/harmoniris.fr\\\/wp-content\\\/uploads\\\/2022\\\/10\\\/cropped-Plume-rose.png\",\"width\":512,\"height\":512},{\"@type\":\"BreadcrumbList\",\"@id\":\"https:\\\/\\\/harmoniris.fr\\\/?page_id=17#breadcrumb\",\"itemListElement\":[{\"@type\":\"ListItem\",\"position\":1,\"name\":\"Accueil\",\"item\":\"https:\\\/\\\/harmoniris.fr\\\/\"},{\"@type\":\"ListItem\",\"position\":2,\"name\":\"Contact\"}]},{\"@type\":\"WebSite\",\"@id\":\"https:\\\/\\\/harmoniris.fr\\\/#website\",\"url\":\"https:\\\/\\\/harmoniris.fr\\\/\",\"name\":\"HARMONIRIS - Marjorie PICAULT - Relaxation - R&eacute;flexologie - Massage\",\"description\":\"Un soin pens&eacute; pour vous !\",\"publisher\":{\"@id\":\"https:\\\/\\\/harmoniris.fr\\\/#organization\"},\"alternateName\":\"Marjorie PICAULT - HARMON'IRIS - Sophrologie\",\"potentialAction\":[{\"@type\":\"SearchAction\",\"target\":{\"@type\":\"EntryPoint\",\"urlTemplate\":\"https:\\\/\\\/harmoniris.fr\\\/?s={search_term_string}\"},\"query-input\":{\"@type\":\"PropertyValueSpecification\",\"valueRequired\":true,\"valueName\":\"search_term_string\"}}],\"inLanguage\":\"fr-FR\"},{\"@type\":\"Organization\",\"@id\":\"https:\\\/\\\/harmoniris.fr\\\/#organization\",\"name\":\"HARMONIRIS - Marjorie PICAULT - Relaxation - R&eacute;flexologie - Massage\",\"alternateName\":\"Marjorie PICAULT - HARMON'IRIS - Sophrologie\",\"url\":\"https:\\\/\\\/harmoniris.fr\\\/\",\"logo\":{\"@type\":\"ImageObject\",\"inLanguage\":\"fr-FR\",\"@id\":\"https:\\\/\\\/harmoniris.fr\\\/#\\\/schema\\\/logo\\\/image\\\/\",\"url\":\"https:\\\/\\\/harmoniris.fr\\\/wp-content\\\/uploads\\\/2022\\\/10\\\/cropped-cropped-cropped-cropped-Logo-H3V-1.png\",\"contentUrl\":\"https:\\\/\\\/harmoniris.fr\\\/wp-content\\\/uploads\\\/2022\\\/10\\\/cropped-cropped-cropped-cropped-Logo-H3V-1.png\",\"width\":521,\"height\":215,\"caption\":\"HARMONIRIS - Marjorie PICAULT - Relaxation - R&eacute;flexologie - Massage\"},\"image\":{\"@id\":\"https:\\\/\\\/harmoniris.fr\\\/#\\\/schema\\\/logo\\\/image\\\/\"}}]}<\/script>\n<!-- \/ Yoast SEO plugin. -->","yoast_head_json":{"title":"Contact - HARMONIRIS - Marjorie PICAULT - Relaxation - R&eacute;flexologie - Massage","description":"Vous \u00eates une femme unique. Je suis praticienne en sophrologie - relaxation et massage au f\u00e9minin. J'accompagne les femmes dans leur chemin de vie et suis sp\u00e9cialis\u00e9e en p\u00e9rinatalit\u00e9.","robots":{"index":"index","follow":"follow","max-snippet":"max-snippet:-1","max-image-preview":"max-image-preview:large","max-video-preview":"max-video-preview:-1"},"canonical":"https:\/\/harmoniris.fr\/?page_id=17","og_locale":"fr_FR","og_type":"article","og_title":"Contact - HARMONIRIS - Marjorie PICAULT - Relaxation - R&eacute;flexologie - Massage","og_description":"Vous \u00eates une femme unique. Je suis praticienne en sophrologie - relaxation et massage au f\u00e9minin. J'accompagne les femmes dans leur chemin de vie et suis sp\u00e9cialis\u00e9e en p\u00e9rinatalit\u00e9.","og_url":"https:\/\/harmoniris.fr\/?page_id=17","og_site_name":"HARMONIRIS - Marjorie PICAULT - Relaxation - R&eacute;flexologie - Massage","article_modified_time":"2026-02-06T08:47:48+00:00","og_image":[{"width":512,"height":512,"url":"https:\/\/harmoniris.fr\/wp-content\/uploads\/2022\/10\/cropped-Plume-rose.png","type":"image\/png"}],"twitter_card":"summary_large_image","twitter_misc":{"Dur\u00e9e de lecture estim\u00e9e":"1 minute"},"schema":{"@context":"https:\/\/schema.org","@graph":[{"@type":"WebPage","@id":"https:\/\/harmoniris.fr\/?page_id=17","url":"https:\/\/harmoniris.fr\/?page_id=17","name":"Contact - HARMONIRIS - Marjorie PICAULT - Relaxation - R&eacute;flexologie - Massage","isPartOf":{"@id":"https:\/\/harmoniris.fr\/#website"},"primaryImageOfPage":{"@id":"https:\/\/harmoniris.fr\/?page_id=17#primaryimage"},"image":{"@id":"https:\/\/harmoniris.fr\/?page_id=17#primaryimage"},"thumbnailUrl":"https:\/\/harmoniris.fr\/wp-content\/uploads\/2022\/10\/cropped-Plume-rose.png","datePublished":"2022-10-14T18:54:15+00:00","dateModified":"2026-02-06T08:47:48+00:00","description":"Vous \u00eates une femme unique. Je suis praticienne en sophrologie - relaxation et massage au f\u00e9minin. J'accompagne les femmes dans leur chemin de vie et suis sp\u00e9cialis\u00e9e en p\u00e9rinatalit\u00e9.","breadcrumb":{"@id":"https:\/\/harmoniris.fr\/?page_id=17#breadcrumb"},"inLanguage":"fr-FR","potentialAction":[{"@type":"ReadAction","target":["https:\/\/harmoniris.fr\/?page_id=17"]}]},{"@type":"ImageObject","inLanguage":"fr-FR","@id":"https:\/\/harmoniris.fr\/?page_id=17#primaryimage","url":"https:\/\/harmoniris.fr\/wp-content\/uploads\/2022\/10\/cropped-Plume-rose.png","contentUrl":"https:\/\/harmoniris.fr\/wp-content\/uploads\/2022\/10\/cropped-Plume-rose.png","width":512,"height":512},{"@type":"BreadcrumbList","@id":"https:\/\/harmoniris.fr\/?page_id=17#breadcrumb","itemListElement":[{"@type":"ListItem","position":1,"name":"Accueil","item":"https:\/\/harmoniris.fr\/"},{"@type":"ListItem","position":2,"name":"Contact"}]},{"@type":"WebSite","@id":"https:\/\/harmoniris.fr\/#website","url":"https:\/\/harmoniris.fr\/","name":"HARMONIRIS - Marjorie PICAULT - Relaxation - R&eacute;flexologie - Massage","description":"Un soin pens&eacute; pour vous !","publisher":{"@id":"https:\/\/harmoniris.fr\/#organization"},"alternateName":"Marjorie PICAULT - HARMON'IRIS - Sophrologie","potentialAction":[{"@type":"SearchAction","target":{"@type":"EntryPoint","urlTemplate":"https:\/\/harmoniris.fr\/?s={search_term_string}"},"query-input":{"@type":"PropertyValueSpecification","valueRequired":true,"valueName":"search_term_string"}}],"inLanguage":"fr-FR"},{"@type":"Organization","@id":"https:\/\/harmoniris.fr\/#organization","name":"HARMONIRIS - Marjorie PICAULT - Relaxation - R&eacute;flexologie - Massage","alternateName":"Marjorie PICAULT - HARMON'IRIS - Sophrologie","url":"https:\/\/harmoniris.fr\/","logo":{"@type":"ImageObject","inLanguage":"fr-FR","@id":"https:\/\/harmoniris.fr\/#\/schema\/logo\/image\/","url":"https:\/\/harmoniris.fr\/wp-content\/uploads\/2022\/10\/cropped-cropped-cropped-cropped-Logo-H3V-1.png","contentUrl":"https:\/\/harmoniris.fr\/wp-content\/uploads\/2022\/10\/cropped-cropped-cropped-cropped-Logo-H3V-1.png","width":521,"height":215,"caption":"HARMONIRIS - Marjorie PICAULT - Relaxation - R&eacute;flexologie - Massage"},"image":{"@id":"https:\/\/harmoniris.fr\/#\/schema\/logo\/image\/"}}]}},"_links":{"self":[{"href":"https:\/\/harmoniris.fr\/index.php?rest_route=\/wp\/v2\/pages\/17","targetHints":{"allow":["GET"]}}],"collection":[{"href":"https:\/\/harmoniris.fr\/index.php?rest_route=\/wp\/v2\/pages"}],"about":[{"href":"https:\/\/harmoniris.fr\/index.php?rest_route=\/wp\/v2\/types\/page"}],"author":[{"embeddable":true,"href":"https:\/\/harmoniris.fr\/index.php?rest_route=\/wp\/v2\/users\/1"}],"replies":[{"embeddable":true,"href":"https:\/\/harmoniris.fr\/index.php?rest_route=%2Fwp%2Fv2%2Fcomments&post=17"}],"version-history":[{"count":129,"href":"https:\/\/harmoniris.fr\/index.php?rest_route=\/wp\/v2\/pages\/17\/revisions"}],"predecessor-version":[{"id":6324,"href":"https:\/\/harmoniris.fr\/index.php?rest_route=\/wp\/v2\/pages\/17\/revisions\/6324"}],"wp:featuredmedia":[{"embeddable":true,"href":"https:\/\/harmoniris.fr\/index.php?rest_route=\/wp\/v2\/media\/639"}],"wp:attachment":[{"href":"https:\/\/harmoniris.fr\/index.php?rest_route=%2Fwp%2Fv2%2Fmedia&parent=17"}],"curies":[{"name":"wp","href":"https:\/\/api.w.org\/{rel}","templated":true}]}}