{"id":19,"date":"2022-10-14T18:54:25","date_gmt":"2022-10-14T18:54:25","guid":{"rendered":"https:\/\/harmoniris.fr\/?page_id=19"},"modified":"2025-10-16T09:46:27","modified_gmt":"2025-10-16T09:46:27","slug":"faq","status":"publish","type":"page","link":"https:\/\/harmoniris.fr\/?page_id=19","title":{"rendered":"FAQ"},"content":{"rendered":"\t\t<div data-elementor-type=\"wp-page\" data-elementor-id=\"19\" class=\"elementor elementor-19\">\n\t\t\t\t\t\t<section class=\"elementor-section elementor-top-section elementor-element elementor-element-d4bb0da elementor-section-boxed elementor-section-height-default elementor-section-height-default\" data-id=\"d4bb0da\" data-element_type=\"section\" data-e-type=\"section\">\n\t\t\t\t\t\t<div class=\"elementor-container elementor-column-gap-default\">\n\t\t\t\t\t<div class=\"elementor-column elementor-col-100 elementor-top-column elementor-element elementor-element-3cb6e65\" data-id=\"3cb6e65\" data-element_type=\"column\" data-e-type=\"column\">\n\t\t\t<div class=\"elementor-widget-wrap elementor-element-populated\">\n\t\t\t\t\t\t<div class=\"elementor-element elementor-element-abf6a58 elementor-widget elementor-widget-heading\" data-id=\"abf6a58\" data-element_type=\"widget\" data-e-type=\"widget\" data-widget_type=\"heading.default\">\n\t\t\t\t<div class=\"elementor-widget-container\">\n\t\t\t\t\t<h2 class=\"elementor-heading-title elementor-size-default\">J'ai r\u00e9pondu \u00e0 vos questions les plus fr\u00e9quentes.<\/h2>\t\t\t\t<\/div>\n\t\t\t\t<\/div>\n\t\t\t\t<div class=\"elementor-element elementor-element-66ab173 elementor-widget elementor-widget-text-editor\" data-id=\"66ab173\" data-element_type=\"widget\" data-e-type=\"widget\" data-widget_type=\"text-editor.default\">\n\t\t\t\t<div class=\"elementor-widget-container\">\n\t\t\t\t\t\t\t\t\t<p>Si toutefois vous ne trouviez pas la r\u00e9ponse \u00e0 vos questions, n&rsquo;h\u00e9sitez-pas \u00e0 me contacter via le formulaire.<\/p>\t\t\t\t\t\t\t\t<\/div>\n\t\t\t\t<\/div>\n\t\t\t\t\t<\/div>\n\t\t<\/div>\n\t\t\t\t\t<\/div>\n\t\t<\/section>\n\t\t\t\t<section class=\"elementor-section elementor-top-section elementor-element elementor-element-de747a1 elementor-section-boxed elementor-section-height-default elementor-section-height-default\" data-id=\"de747a1\" data-element_type=\"section\" data-e-type=\"section\">\n\t\t\t\t\t\t<div class=\"elementor-container elementor-column-gap-default\">\n\t\t\t\t\t<div class=\"elementor-column elementor-col-100 elementor-top-column elementor-element elementor-element-86af396\" data-id=\"86af396\" data-element_type=\"column\" data-e-type=\"column\">\n\t\t\t<div class=\"elementor-widget-wrap elementor-element-populated\">\n\t\t\t\t\t\t<div class=\"elementor-element elementor-element-9b366ea elementor-align-center elementor-invisible elementor-widget elementor-widget-button\" data-id=\"9b366ea\" data-element_type=\"widget\" data-e-type=\"widget\" data-settings=\"{&quot;_animation&quot;:&quot;fadeIn&quot;}\" data-widget_type=\"button.default\">\n\t\t\t\t<div class=\"elementor-widget-container\">\n\t\t\t\t\t\t\t\t\t<div class=\"elementor-button-wrapper\">\n\t\t\t\t\t<a class=\"elementor-button elementor-button-link elementor-size-xs elementor-animation-pulse\" href=\"https:\/\/harmoniris.fr\/?page_id=17\">\n\t\t\t\t\t\t<span class=\"elementor-button-content-wrapper\">\n\t\t\t\t\t\t\t\t\t<span class=\"elementor-button-text\">Je souhaite en savoir plus !<\/span>\n\t\t\t\t\t<\/span>\n\t\t\t\t\t<\/a>\n\t\t\t\t<\/div>\n\t\t\t\t\t\t\t\t<\/div>\n\t\t\t\t<\/div>\n\t\t\t\t\t<\/div>\n\t\t<\/div>\n\t\t\t\t\t<\/div>\n\t\t<\/section>\n\t\t\t\t<section class=\"elementor-section elementor-top-section elementor-element elementor-element-a0bf885 elementor-section-boxed elementor-section-height-default elementor-section-height-default\" data-id=\"a0bf885\" data-element_type=\"section\" data-e-type=\"section\">\n\t\t\t\t\t\t<div class=\"elementor-container elementor-column-gap-default\">\n\t\t\t\t\t<div class=\"elementor-column elementor-col-100 elementor-top-column elementor-element elementor-element-5269d44\" data-id=\"5269d44\" data-element_type=\"column\" data-e-type=\"column\">\n\t\t\t<div class=\"elementor-widget-wrap elementor-element-populated\">\n\t\t\t\t\t\t<section class=\"elementor-section elementor-inner-section elementor-element elementor-element-5842a76 elementor-section-boxed elementor-section-height-default elementor-section-height-default\" data-id=\"5842a76\" data-element_type=\"section\" data-e-type=\"section\">\n\t\t\t\t\t\t<div class=\"elementor-container elementor-column-gap-default\">\n\t\t\t\t\t<div class=\"elementor-column elementor-col-50 elementor-inner-column elementor-element elementor-element-e8cb83b\" data-id=\"e8cb83b\" data-element_type=\"column\" data-e-type=\"column\">\n\t\t\t<div class=\"elementor-widget-wrap elementor-element-populated\">\n\t\t\t\t\t\t<div class=\"elementor-element elementor-element-e7f46ca elementor-widget elementor-widget-heading\" data-id=\"e7f46ca\" data-element_type=\"widget\" data-e-type=\"widget\" data-widget_type=\"heading.default\">\n\t\t\t\t<div class=\"elementor-widget-container\">\n\t\t\t\t\t<h2 class=\"elementor-heading-title elementor-size-default\">Massage<\/h2>\t\t\t\t<\/div>\n\t\t\t\t<\/div>\n\t\t\t\t\t<\/div>\n\t\t<\/div>\n\t\t\t\t<div class=\"elementor-column elementor-col-50 elementor-inner-column elementor-element elementor-element-417f069\" data-id=\"417f069\" data-element_type=\"column\" data-e-type=\"column\">\n\t\t\t<div class=\"elementor-widget-wrap elementor-element-populated\">\n\t\t\t\t\t\t<div class=\"elementor-element elementor-element-9f44be7 elementor-widget__width-initial elementor-widget elementor-widget-image\" data-id=\"9f44be7\" data-element_type=\"widget\" data-e-type=\"widget\" data-widget_type=\"image.default\">\n\t\t\t\t<div class=\"elementor-widget-container\">\n\t\t\t\t\t\t\t\t\t\t\t\t\t\t\t\t<a href=\"https:\/\/harmoniris.fr\/?page_id=33\">\n\t\t\t\t\t\t\t<img fetchpriority=\"high\" decoding=\"async\" width=\"300\" height=\"234\" src=\"https:\/\/harmoniris.fr\/wp-content\/uploads\/2023\/02\/Plume-verte-300x234.png\" class=\"attachment-medium size-medium wp-image-3739\" alt=\"\" srcset=\"https:\/\/harmoniris.fr\/wp-content\/uploads\/2023\/02\/Plume-verte-300x234.png 300w, https:\/\/harmoniris.fr\/wp-content\/uploads\/2023\/02\/Plume-verte.png 462w\" sizes=\"(max-width: 300px) 100vw, 300px\" \/>\t\t\t\t\t\t\t\t<\/a>\n\t\t\t\t\t\t\t\t\t\t\t\t\t\t\t<\/div>\n\t\t\t\t<\/div>\n\t\t\t\t\t<\/div>\n\t\t<\/div>\n\t\t\t\t\t<\/div>\n\t\t<\/section>\n\t\t\t\t<div class=\"elementor-element elementor-element-cb862cf elementor-widget elementor-widget-spacer\" data-id=\"cb862cf\" data-element_type=\"widget\" data-e-type=\"widget\" data-widget_type=\"spacer.default\">\n\t\t\t\t<div class=\"elementor-widget-container\">\n\t\t\t\t\t\t\t<div class=\"elementor-spacer\">\n\t\t\t<div class=\"elementor-spacer-inner\"><\/div>\n\t\t<\/div>\n\t\t\t\t\t\t<\/div>\n\t\t\t\t<\/div>\n\t\t\t\t<div class=\"elementor-element elementor-element-724bac2 elementor-widget elementor-widget-toggle\" data-id=\"724bac2\" data-element_type=\"widget\" data-e-type=\"widget\" data-widget_type=\"toggle.default\">\n\t\t\t\t<div class=\"elementor-widget-container\">\n\t\t\t\t\t\t\t<div class=\"elementor-toggle\">\n\t\t\t\t\t\t\t<div class=\"elementor-toggle-item\">\n\t\t\t\t\t<div id=\"elementor-tab-title-1191\" class=\"elementor-tab-title\" data-tab=\"1\" role=\"button\" aria-controls=\"elementor-tab-content-1191\" aria-expanded=\"false\">\n\t\t\t\t\t\t\t\t\t\t\t\t<span class=\"elementor-toggle-icon elementor-toggle-icon-left\" aria-hidden=\"true\">\n\t\t\t\t\t\t\t\t\t\t\t\t\t\t\t<span class=\"elementor-toggle-icon-closed\"><i class=\"fas fa-chevron-down\"><\/i><\/span>\n\t\t\t\t\t\t\t\t<span class=\"elementor-toggle-icon-opened\"><i class=\"elementor-toggle-icon-opened fas fa-chevron-up\"><\/i><\/span>\n\t\t\t\t\t\t\t\t\t\t\t\t\t<\/span>\n\t\t\t\t\t\t\t\t\t\t\t\t<a class=\"elementor-toggle-title\" tabindex=\"0\">Qu'est-ce que le massage \u00e9volutif ?<\/a>\n\t\t\t\t\t<\/div>\n\n\t\t\t\t\t<div id=\"elementor-tab-content-1191\" class=\"elementor-tab-content elementor-clearfix\" data-tab=\"1\" role=\"region\" aria-labelledby=\"elementor-tab-title-1191\"><p>Pour vous, qui souhaitez un massage \u00e0 la carte avec une demande pr\u00e9cise, ou vous, qui ne savez pas trop ce dont vous avez besoin, laissez vous aller \u00e0 mon exp\u00e9rience.<\/p><p>Le massage \u00e9volutif s&rsquo;adapte \u00e0 vos envies du moment, en fonction des zones \u00e0 privil\u00e9gier ou \u00e0 ne pas aborder, il ne respecte pas de protocole particulier.<\/p><\/div>\n\t\t\t\t<\/div>\n\t\t\t\t\t\t\t<div class=\"elementor-toggle-item\">\n\t\t\t\t\t<div id=\"elementor-tab-title-1192\" class=\"elementor-tab-title\" data-tab=\"2\" role=\"button\" aria-controls=\"elementor-tab-content-1192\" aria-expanded=\"false\">\n\t\t\t\t\t\t\t\t\t\t\t\t<span class=\"elementor-toggle-icon elementor-toggle-icon-left\" aria-hidden=\"true\">\n\t\t\t\t\t\t\t\t\t\t\t\t\t\t\t<span class=\"elementor-toggle-icon-closed\"><i class=\"fas fa-chevron-down\"><\/i><\/span>\n\t\t\t\t\t\t\t\t<span class=\"elementor-toggle-icon-opened\"><i class=\"elementor-toggle-icon-opened fas fa-chevron-up\"><\/i><\/span>\n\t\t\t\t\t\t\t\t\t\t\t\t\t<\/span>\n\t\t\t\t\t\t\t\t\t\t\t\t<a class=\"elementor-toggle-title\" tabindex=\"0\">Quels sont les bienfaits du massage bien-\u00eatre ?<\/a>\n\t\t\t\t\t<\/div>\n\n\t\t\t\t\t<div id=\"elementor-tab-content-1192\" class=\"elementor-tab-content elementor-clearfix\" data-tab=\"2\" role=\"region\" aria-labelledby=\"elementor-tab-title-1192\"><p>Le massage bien-\u00eatre aide \u00e0 la d\u00e9tente musculaire, d\u00e9noue les zones de tension, permet de red\u00e9finir ses limites corporelles.<\/p><p>Il nourrit, tonifie et assoupli la peau gr\u00e2ce aux huiles.<\/p><p>Il permet \u00e9galement de diminuer le stress et l&rsquo;anxi\u00e9t\u00e9 gr\u00e2ce \u00e0 la production d&rsquo;ocytocine, d&rsquo;apaiser le mental, de favoriser la circulation sanguine et lymphatique, tout en contribuant \u00e0 renforcer le syst\u00e8me immunitaire.<\/p><\/div>\n\t\t\t\t<\/div>\n\t\t\t\t\t\t\t<div class=\"elementor-toggle-item\">\n\t\t\t\t\t<div id=\"elementor-tab-title-1193\" class=\"elementor-tab-title\" data-tab=\"3\" role=\"button\" aria-controls=\"elementor-tab-content-1193\" aria-expanded=\"false\">\n\t\t\t\t\t\t\t\t\t\t\t\t<span class=\"elementor-toggle-icon elementor-toggle-icon-left\" aria-hidden=\"true\">\n\t\t\t\t\t\t\t\t\t\t\t\t\t\t\t<span class=\"elementor-toggle-icon-closed\"><i class=\"fas fa-chevron-down\"><\/i><\/span>\n\t\t\t\t\t\t\t\t<span class=\"elementor-toggle-icon-opened\"><i class=\"elementor-toggle-icon-opened fas fa-chevron-up\"><\/i><\/span>\n\t\t\t\t\t\t\t\t\t\t\t\t\t<\/span>\n\t\t\t\t\t\t\t\t\t\t\t\t<a class=\"elementor-toggle-title\" tabindex=\"0\">Quelles sont les contre-indications \u00e0 la pratique du massage \u00e9volutif ?<\/a>\n\t\t\t\t\t<\/div>\n\n\t\t\t\t\t<div id=\"elementor-tab-content-1193\" class=\"elementor-tab-content elementor-clearfix\" data-tab=\"3\" role=\"region\" aria-labelledby=\"elementor-tab-title-1193\"><p>Phl\u00e9bite, fi\u00e8vre, varices, maladies contagieuses (verrues, zona, mycoses&#8230;), plaies ou cicatrices r\u00e9centes, infection cutan\u00e9e, maux de dos aigus, blessures ligamentaires et musculaires, maladies inflammatoires aigu\u00ebs, naus\u00e9es ou douleurs abdominales.<\/p><h6><span style=\"color: #808080;\">Si vous avez un doute en fonction de votre affection physique, n&rsquo;h\u00e9sitez pas \u00e0 demander conseil \u00e0 votre m\u00e9decin traitant.<\/span><\/h6><\/div>\n\t\t\t\t<\/div>\n\t\t\t\t\t\t\t<div class=\"elementor-toggle-item\">\n\t\t\t\t\t<div id=\"elementor-tab-title-1194\" class=\"elementor-tab-title\" data-tab=\"4\" role=\"button\" aria-controls=\"elementor-tab-content-1194\" aria-expanded=\"false\">\n\t\t\t\t\t\t\t\t\t\t\t\t<span class=\"elementor-toggle-icon elementor-toggle-icon-left\" aria-hidden=\"true\">\n\t\t\t\t\t\t\t\t\t\t\t\t\t\t\t<span class=\"elementor-toggle-icon-closed\"><i class=\"fas fa-chevron-down\"><\/i><\/span>\n\t\t\t\t\t\t\t\t<span class=\"elementor-toggle-icon-opened\"><i class=\"elementor-toggle-icon-opened fas fa-chevron-up\"><\/i><\/span>\n\t\t\t\t\t\t\t\t\t\t\t\t\t<\/span>\n\t\t\t\t\t\t\t\t\t\t\t\t<a class=\"elementor-toggle-title\" tabindex=\"0\">A  quelle frequence peut-on se faire masser ?<\/a>\n\t\t\t\t\t<\/div>\n\n\t\t\t\t\t<div id=\"elementor-tab-content-1194\" class=\"elementor-tab-content elementor-clearfix\" data-tab=\"4\" role=\"region\" aria-labelledby=\"elementor-tab-title-1194\"><p>Tout d\u00e9pend de votre budget, mais dans l&rsquo;id\u00e9al ce serait 1 fois par mois.<\/p><\/div>\n\t\t\t\t<\/div>\n\t\t\t\t\t\t\t\t<\/div>\n\t\t\t\t\t\t<\/div>\n\t\t\t\t<\/div>\n\t\t\t\t\t<\/div>\n\t\t<\/div>\n\t\t\t\t\t<\/div>\n\t\t<\/section>\n\t\t\t\t<\/div>\n\t\t","protected":false},"excerpt":{"rendered":"<p>J&rsquo;ai r\u00e9pondu \u00e0 vos questions les plus fr\u00e9quentes. Si toutefois vous ne trouviez pas la r\u00e9ponse \u00e0 vos questions, n&rsquo;h\u00e9sitez-pas \u00e0 me contacter via le formulaire. Je souhaite en savoir plus ! Massage Qu&rsquo;est-ce que le massage \u00e9volutif ? Pour vous, qui souhaitez un massage \u00e0 la carte avec une demande pr\u00e9cise, ou vous, qui [&hellip;]<\/p>\n","protected":false},"author":1,"featured_media":639,"parent":0,"menu_order":0,"comment_status":"closed","ping_status":"closed","template":"","meta":{"_themeisle_gutenberg_block_has_review":false,"footnotes":""},"class_list":["post-19","page","type-page","status-publish","has-post-thumbnail","hentry","entry","has-media"],"yoast_head":"<!-- This site is optimized with the Yoast SEO plugin v27.5 - https:\/\/yoast.com\/product\/yoast-seo-wordpress\/ -->\n<title>FAQ - HARMONIRIS - Marjorie PICAULT - Relaxation - R&eacute;flexologie - Massage<\/title>\n<meta name=\"description\" content=\"Vous \u00eates une femme unique. Je suis praticienne en sophrologie - relaxation et massage au f\u00e9minin. J&#039;accompagne les femmes dans leur chemin de vie et suis sp\u00e9cialis\u00e9e en p\u00e9rinatalit\u00e9.\" \/>\n<meta name=\"robots\" content=\"index, follow, max-snippet:-1, max-image-preview:large, max-video-preview:-1\" \/>\n<link rel=\"canonical\" href=\"https:\/\/harmoniris.fr\/?page_id=19\" \/>\n<meta property=\"og:locale\" content=\"fr_FR\" \/>\n<meta property=\"og:type\" content=\"article\" \/>\n<meta property=\"og:title\" content=\"FAQ - HARMONIRIS - Marjorie PICAULT - Relaxation - R&eacute;flexologie - Massage\" \/>\n<meta property=\"og:description\" content=\"Vous \u00eates une femme unique. Je suis praticienne en sophrologie - relaxation et massage au f\u00e9minin. J&#039;accompagne les femmes dans leur chemin de vie et suis sp\u00e9cialis\u00e9e en p\u00e9rinatalit\u00e9.\" \/>\n<meta property=\"og:url\" content=\"https:\/\/harmoniris.fr\/?page_id=19\" \/>\n<meta property=\"og:site_name\" content=\"HARMONIRIS - Marjorie PICAULT - Relaxation - R&eacute;flexologie - Massage\" \/>\n<meta property=\"article:modified_time\" content=\"2025-10-16T09:46:27+00:00\" \/>\n<meta property=\"og:image\" content=\"https:\/\/harmoniris.fr\/wp-content\/uploads\/2022\/10\/cropped-Plume-rose.png\" \/>\n\t<meta property=\"og:image:width\" content=\"512\" \/>\n\t<meta property=\"og:image:height\" content=\"512\" \/>\n\t<meta property=\"og:image:type\" content=\"image\/png\" \/>\n<meta name=\"twitter:card\" content=\"summary_large_image\" \/>\n<meta name=\"twitter:label1\" content=\"Dur\u00e9e de lecture estim\u00e9e\" \/>\n\t<meta name=\"twitter:data1\" content=\"2 minutes\" \/>\n<script type=\"application\/ld+json\" class=\"yoast-schema-graph\">{\"@context\":\"https:\\\/\\\/schema.org\",\"@graph\":[{\"@type\":\"WebPage\",\"@id\":\"https:\\\/\\\/harmoniris.fr\\\/?page_id=19\",\"url\":\"https:\\\/\\\/harmoniris.fr\\\/?page_id=19\",\"name\":\"FAQ - HARMONIRIS - Marjorie PICAULT - Relaxation - R&eacute;flexologie - Massage\",\"isPartOf\":{\"@id\":\"https:\\\/\\\/harmoniris.fr\\\/#website\"},\"primaryImageOfPage\":{\"@id\":\"https:\\\/\\\/harmoniris.fr\\\/?page_id=19#primaryimage\"},\"image\":{\"@id\":\"https:\\\/\\\/harmoniris.fr\\\/?page_id=19#primaryimage\"},\"thumbnailUrl\":\"https:\\\/\\\/harmoniris.fr\\\/wp-content\\\/uploads\\\/2022\\\/10\\\/cropped-Plume-rose.png\",\"datePublished\":\"2022-10-14T18:54:25+00:00\",\"dateModified\":\"2025-10-16T09:46:27+00:00\",\"description\":\"Vous \u00eates une femme unique. Je suis praticienne en sophrologie - relaxation et massage au f\u00e9minin. J'accompagne les femmes dans leur chemin de vie et suis sp\u00e9cialis\u00e9e en p\u00e9rinatalit\u00e9.\",\"breadcrumb\":{\"@id\":\"https:\\\/\\\/harmoniris.fr\\\/?page_id=19#breadcrumb\"},\"inLanguage\":\"fr-FR\",\"potentialAction\":[{\"@type\":\"ReadAction\",\"target\":[\"https:\\\/\\\/harmoniris.fr\\\/?page_id=19\"]}]},{\"@type\":\"ImageObject\",\"inLanguage\":\"fr-FR\",\"@id\":\"https:\\\/\\\/harmoniris.fr\\\/?page_id=19#primaryimage\",\"url\":\"https:\\\/\\\/harmoniris.fr\\\/wp-content\\\/uploads\\\/2022\\\/10\\\/cropped-Plume-rose.png\",\"contentUrl\":\"https:\\\/\\\/harmoniris.fr\\\/wp-content\\\/uploads\\\/2022\\\/10\\\/cropped-Plume-rose.png\",\"width\":512,\"height\":512},{\"@type\":\"BreadcrumbList\",\"@id\":\"https:\\\/\\\/harmoniris.fr\\\/?page_id=19#breadcrumb\",\"itemListElement\":[{\"@type\":\"ListItem\",\"position\":1,\"name\":\"Accueil\",\"item\":\"https:\\\/\\\/harmoniris.fr\\\/\"},{\"@type\":\"ListItem\",\"position\":2,\"name\":\"FAQ\"}]},{\"@type\":\"WebSite\",\"@id\":\"https:\\\/\\\/harmoniris.fr\\\/#website\",\"url\":\"https:\\\/\\\/harmoniris.fr\\\/\",\"name\":\"HARMONIRIS - Marjorie PICAULT - Relaxation - R&eacute;flexologie - Massage\",\"description\":\"Un soin pens&eacute; pour vous !\",\"publisher\":{\"@id\":\"https:\\\/\\\/harmoniris.fr\\\/#organization\"},\"alternateName\":\"Marjorie PICAULT - HARMON'IRIS - Sophrologie\",\"potentialAction\":[{\"@type\":\"SearchAction\",\"target\":{\"@type\":\"EntryPoint\",\"urlTemplate\":\"https:\\\/\\\/harmoniris.fr\\\/?s={search_term_string}\"},\"query-input\":{\"@type\":\"PropertyValueSpecification\",\"valueRequired\":true,\"valueName\":\"search_term_string\"}}],\"inLanguage\":\"fr-FR\"},{\"@type\":\"Organization\",\"@id\":\"https:\\\/\\\/harmoniris.fr\\\/#organization\",\"name\":\"HARMONIRIS - Marjorie PICAULT - Relaxation - R&eacute;flexologie - Massage\",\"alternateName\":\"Marjorie PICAULT - HARMON'IRIS - Sophrologie\",\"url\":\"https:\\\/\\\/harmoniris.fr\\\/\",\"logo\":{\"@type\":\"ImageObject\",\"inLanguage\":\"fr-FR\",\"@id\":\"https:\\\/\\\/harmoniris.fr\\\/#\\\/schema\\\/logo\\\/image\\\/\",\"url\":\"https:\\\/\\\/harmoniris.fr\\\/wp-content\\\/uploads\\\/2022\\\/10\\\/cropped-cropped-cropped-cropped-Logo-H3V-1.png\",\"contentUrl\":\"https:\\\/\\\/harmoniris.fr\\\/wp-content\\\/uploads\\\/2022\\\/10\\\/cropped-cropped-cropped-cropped-Logo-H3V-1.png\",\"width\":521,\"height\":215,\"caption\":\"HARMONIRIS - Marjorie PICAULT - Relaxation - R&eacute;flexologie - Massage\"},\"image\":{\"@id\":\"https:\\\/\\\/harmoniris.fr\\\/#\\\/schema\\\/logo\\\/image\\\/\"}}]}<\/script>\n<!-- \/ Yoast SEO plugin. -->","yoast_head_json":{"title":"FAQ - HARMONIRIS - Marjorie PICAULT - Relaxation - R&eacute;flexologie - Massage","description":"Vous \u00eates une femme unique. Je suis praticienne en sophrologie - relaxation et massage au f\u00e9minin. J'accompagne les femmes dans leur chemin de vie et suis sp\u00e9cialis\u00e9e en p\u00e9rinatalit\u00e9.","robots":{"index":"index","follow":"follow","max-snippet":"max-snippet:-1","max-image-preview":"max-image-preview:large","max-video-preview":"max-video-preview:-1"},"canonical":"https:\/\/harmoniris.fr\/?page_id=19","og_locale":"fr_FR","og_type":"article","og_title":"FAQ - HARMONIRIS - Marjorie PICAULT - Relaxation - R&eacute;flexologie - Massage","og_description":"Vous \u00eates une femme unique. Je suis praticienne en sophrologie - relaxation et massage au f\u00e9minin. J'accompagne les femmes dans leur chemin de vie et suis sp\u00e9cialis\u00e9e en p\u00e9rinatalit\u00e9.","og_url":"https:\/\/harmoniris.fr\/?page_id=19","og_site_name":"HARMONIRIS - Marjorie PICAULT - Relaxation - R&eacute;flexologie - Massage","article_modified_time":"2025-10-16T09:46:27+00:00","og_image":[{"width":512,"height":512,"url":"https:\/\/harmoniris.fr\/wp-content\/uploads\/2022\/10\/cropped-Plume-rose.png","type":"image\/png"}],"twitter_card":"summary_large_image","twitter_misc":{"Dur\u00e9e de lecture estim\u00e9e":"2 minutes"},"schema":{"@context":"https:\/\/schema.org","@graph":[{"@type":"WebPage","@id":"https:\/\/harmoniris.fr\/?page_id=19","url":"https:\/\/harmoniris.fr\/?page_id=19","name":"FAQ - HARMONIRIS - Marjorie PICAULT - Relaxation - R&eacute;flexologie - Massage","isPartOf":{"@id":"https:\/\/harmoniris.fr\/#website"},"primaryImageOfPage":{"@id":"https:\/\/harmoniris.fr\/?page_id=19#primaryimage"},"image":{"@id":"https:\/\/harmoniris.fr\/?page_id=19#primaryimage"},"thumbnailUrl":"https:\/\/harmoniris.fr\/wp-content\/uploads\/2022\/10\/cropped-Plume-rose.png","datePublished":"2022-10-14T18:54:25+00:00","dateModified":"2025-10-16T09:46:27+00:00","description":"Vous \u00eates une femme unique. Je suis praticienne en sophrologie - relaxation et massage au f\u00e9minin. J'accompagne les femmes dans leur chemin de vie et suis sp\u00e9cialis\u00e9e en p\u00e9rinatalit\u00e9.","breadcrumb":{"@id":"https:\/\/harmoniris.fr\/?page_id=19#breadcrumb"},"inLanguage":"fr-FR","potentialAction":[{"@type":"ReadAction","target":["https:\/\/harmoniris.fr\/?page_id=19"]}]},{"@type":"ImageObject","inLanguage":"fr-FR","@id":"https:\/\/harmoniris.fr\/?page_id=19#primaryimage","url":"https:\/\/harmoniris.fr\/wp-content\/uploads\/2022\/10\/cropped-Plume-rose.png","contentUrl":"https:\/\/harmoniris.fr\/wp-content\/uploads\/2022\/10\/cropped-Plume-rose.png","width":512,"height":512},{"@type":"BreadcrumbList","@id":"https:\/\/harmoniris.fr\/?page_id=19#breadcrumb","itemListElement":[{"@type":"ListItem","position":1,"name":"Accueil","item":"https:\/\/harmoniris.fr\/"},{"@type":"ListItem","position":2,"name":"FAQ"}]},{"@type":"WebSite","@id":"https:\/\/harmoniris.fr\/#website","url":"https:\/\/harmoniris.fr\/","name":"HARMONIRIS - Marjorie PICAULT - Relaxation - R&eacute;flexologie - Massage","description":"Un soin pens&eacute; pour vous !","publisher":{"@id":"https:\/\/harmoniris.fr\/#organization"},"alternateName":"Marjorie PICAULT - HARMON'IRIS - Sophrologie","potentialAction":[{"@type":"SearchAction","target":{"@type":"EntryPoint","urlTemplate":"https:\/\/harmoniris.fr\/?s={search_term_string}"},"query-input":{"@type":"PropertyValueSpecification","valueRequired":true,"valueName":"search_term_string"}}],"inLanguage":"fr-FR"},{"@type":"Organization","@id":"https:\/\/harmoniris.fr\/#organization","name":"HARMONIRIS - Marjorie PICAULT - Relaxation - R&eacute;flexologie - Massage","alternateName":"Marjorie PICAULT - HARMON'IRIS - Sophrologie","url":"https:\/\/harmoniris.fr\/","logo":{"@type":"ImageObject","inLanguage":"fr-FR","@id":"https:\/\/harmoniris.fr\/#\/schema\/logo\/image\/","url":"https:\/\/harmoniris.fr\/wp-content\/uploads\/2022\/10\/cropped-cropped-cropped-cropped-Logo-H3V-1.png","contentUrl":"https:\/\/harmoniris.fr\/wp-content\/uploads\/2022\/10\/cropped-cropped-cropped-cropped-Logo-H3V-1.png","width":521,"height":215,"caption":"HARMONIRIS - Marjorie PICAULT - Relaxation - R&eacute;flexologie - Massage"},"image":{"@id":"https:\/\/harmoniris.fr\/#\/schema\/logo\/image\/"}}]}},"_links":{"self":[{"href":"https:\/\/harmoniris.fr\/index.php?rest_route=\/wp\/v2\/pages\/19","targetHints":{"allow":["GET"]}}],"collection":[{"href":"https:\/\/harmoniris.fr\/index.php?rest_route=\/wp\/v2\/pages"}],"about":[{"href":"https:\/\/harmoniris.fr\/index.php?rest_route=\/wp\/v2\/types\/page"}],"author":[{"embeddable":true,"href":"https:\/\/harmoniris.fr\/index.php?rest_route=\/wp\/v2\/users\/1"}],"replies":[{"embeddable":true,"href":"https:\/\/harmoniris.fr\/index.php?rest_route=%2Fwp%2Fv2%2Fcomments&post=19"}],"version-history":[{"count":86,"href":"https:\/\/harmoniris.fr\/index.php?rest_route=\/wp\/v2\/pages\/19\/revisions"}],"predecessor-version":[{"id":6167,"href":"https:\/\/harmoniris.fr\/index.php?rest_route=\/wp\/v2\/pages\/19\/revisions\/6167"}],"wp:featuredmedia":[{"embeddable":true,"href":"https:\/\/harmoniris.fr\/index.php?rest_route=\/wp\/v2\/media\/639"}],"wp:attachment":[{"href":"https:\/\/harmoniris.fr\/index.php?rest_route=%2Fwp%2Fv2%2Fmedia&parent=19"}],"curies":[{"name":"wp","href":"https:\/\/api.w.org\/{rel}","templated":true}]}}